{"id":73,"date":"2023-09-09T17:39:11","date_gmt":"2023-09-09T17:39:11","guid":{"rendered":"https:\/\/wp.fiskusolga.hu\/?page_id=73"},"modified":"2024-02-05T16:59:46","modified_gmt":"2024-02-05T16:59:46","slug":"szeretettel-koszontelek","status":"publish","type":"page","link":"https:\/\/fiskusolga.hu\/","title":{"rendered":"F\u0151oldal"},"content":{"rendered":"\n<div class=\"wp-block-group\"><div class=\"wp-block-group__inner-container is-layout-constrained wp-block-group-is-layout-constrained\">\n<p><strong>\u201eNem el\u00e9g l\u00e1tni; \u00e9rezned kell, amit fot\u00f3zol.\u201d<\/strong><br>\u2014 Andre Kert\u00e9sz<\/p>\n\n\n\n<p>\u00dcdv\u00f6z\u00f6llek, Olga vagyok, fot\u00f3s, a Fiskus Foto alap\u00edt\u00f3ja. Szeretettel k\u00f6sz\u00f6ntelek a weboldalamon. <br>V\u00e1rom a jelentkez\u00e9sedet!<\/p>\n\n\n\n<p><br><\/p>\n\n\n\n<p><\/p>\n<\/div><\/div>\n\n\n\n<figure class=\"wp-block-gallery aligncenter has-nested-images columns-default is-cropped wp-block-gallery-1 is-layout-flex wp-block-gallery-is-layout-flex\">\n<figure class=\"wp-block-image size-large\"><img loading=\"lazy\" decoding=\"async\" width=\"1024\" height=\"705\" data-id=\"828\" src=\"https:\/\/fiskusolga.hu\/wp-content\/uploads\/2024\/02\/02_epda_482-1024x705.jpg\" alt=\"\" class=\"wp-image-828\" srcset=\"https:\/\/fiskusolga.hu\/wp-content\/uploads\/2024\/02\/02_epda_482-1024x705.jpg 1024w, https:\/\/fiskusolga.hu\/wp-content\/uploads\/2024\/02\/02_epda_482-300x207.jpg 300w, https:\/\/fiskusolga.hu\/wp-content\/uploads\/2024\/02\/02_epda_482-768x529.jpg 768w, https:\/\/fiskusolga.hu\/wp-content\/uploads\/2024\/02\/02_epda_482-1140x785.jpg 1140w, https:\/\/fiskusolga.hu\/wp-content\/uploads\/2024\/02\/02_epda_482.jpg 1300w\" sizes=\"auto, (max-width: 1024px) 100vw, 1024px\" \/><\/figure>\n<\/figure>\n","protected":false},"excerpt":{"rendered":"<p>\u201eNem el\u00e9g l\u00e1tni; \u00e9rezned kell, amit fot\u00f3zol.\u201d\u2014 Andre Kert\u00e9sz \u00dcdv\u00f6z\u00f6llek, Olga vagyok, fot\u00f3s, a Fiskus Foto alap\u00edt\u00f3ja. Szeretettel k\u00f6sz\u00f6ntelek a weboldalamon. V\u00e1rom a jelentkez\u00e9sedet!<\/p>\n","protected":false},"author":1,"featured_media":0,"parent":0,"menu_order":0,"comment_status":"closed","ping_status":"closed","template":"","meta":{"footnotes":""},"class_list":["post-73","page","type-page","status-publish","hentry"],"_links":{"self":[{"href":"https:\/\/fiskusolga.hu\/index.php?rest_route=\/wp\/v2\/pages\/73","targetHints":{"allow":["GET"]}}],"collection":[{"href":"https:\/\/fiskusolga.hu\/index.php?rest_route=\/wp\/v2\/pages"}],"about":[{"href":"https:\/\/fiskusolga.hu\/index.php?rest_route=\/wp\/v2\/types\/page"}],"author":[{"embeddable":true,"href":"https:\/\/fiskusolga.hu\/index.php?rest_route=\/wp\/v2\/users\/1"}],"replies":[{"embeddable":true,"href":"https:\/\/fiskusolga.hu\/index.php?rest_route=%2Fwp%2Fv2%2Fcomments&post=73"}],"version-history":[{"count":7,"href":"https:\/\/fiskusolga.hu\/index.php?rest_route=\/wp\/v2\/pages\/73\/revisions"}],"predecessor-version":[{"id":829,"href":"https:\/\/fiskusolga.hu\/index.php?rest_route=\/wp\/v2\/pages\/73\/revisions\/829"}],"wp:attachment":[{"href":"https:\/\/fiskusolga.hu\/index.php?rest_route=%2Fwp%2Fv2%2Fmedia&parent=73"}],"curies":[{"name":"wp","href":"https:\/\/api.w.org\/{rel}","templated":true}]}}