{"id":60,"date":"2023-09-09T16:50:23","date_gmt":"2023-09-09T16:50:23","guid":{"rendered":"https:\/\/wp.fiskusolga.hu\/?page_id=60"},"modified":"2024-02-05T21:43:26","modified_gmt":"2024-02-05T21:43:26","slug":"hogyan-segithetek","status":"publish","type":"page","link":"https:\/\/fiskusolga.hu\/?page_id=60","title":{"rendered":"Dolgozzunk egy\u00fctt!"},"content":{"rendered":"\n<p>Hogyan kezdhetj\u00fck?<\/p>\n\n\n\n<p>Vegye vedd fel velem a kapcsolatot a megadott el\u00e9rhet\u0151s\u00e9geken.  Egyeztet\u00fcnk, \u00e9s elkezdj\u00fck a k\u00f6z\u00f6s munk\u00e1t.<\/p>\n\n\n\n<p>Besz\u00e9lek angolul<br>Ich spreche Deutsch<br>Besz\u00e9lek magyarul<br>Hablo espa\u00f1ol<\/p>\n\n\n\n<p>\u00cdRJ NEKEM!<\/p>\n\n\n\n<div class=\"wp-block-buttons is-layout-flex wp-block-buttons-is-layout-flex\">\n<div class=\"wp-block-button\"><a class=\"wp-block-button__link wp-element-button\" href=\"https:\/\/fiskusolga.hu\/?page_id=67\">Kapcsolat<\/a><\/div>\n<\/div>\n","protected":false},"excerpt":{"rendered":"<p>Hogyan kezdhetj\u00fck? Vegye vedd fel velem a kapcsolatot a megadott el\u00e9rhet\u0151s\u00e9geken. Egyeztet\u00fcnk, \u00e9s elkezdj\u00fck a k\u00f6z\u00f6s munk\u00e1t. Besz\u00e9lek angolulIch spreche DeutschBesz\u00e9lek magyarulHablo espa\u00f1ol \u00cdRJ NEKEM!<\/p>\n","protected":false},"author":1,"featured_media":0,"parent":0,"menu_order":0,"comment_status":"closed","ping_status":"closed","template":"","meta":{"footnotes":""},"class_list":["post-60","page","type-page","status-publish","hentry"],"_links":{"self":[{"href":"https:\/\/fiskusolga.hu\/index.php?rest_route=\/wp\/v2\/pages\/60","targetHints":{"allow":["GET"]}}],"collection":[{"href":"https:\/\/fiskusolga.hu\/index.php?rest_route=\/wp\/v2\/pages"}],"about":[{"href":"https:\/\/fiskusolga.hu\/index.php?rest_route=\/wp\/v2\/types\/page"}],"author":[{"embeddable":true,"href":"https:\/\/fiskusolga.hu\/index.php?rest_route=\/wp\/v2\/users\/1"}],"replies":[{"embeddable":true,"href":"https:\/\/fiskusolga.hu\/index.php?rest_route=%2Fwp%2Fv2%2Fcomments&post=60"}],"version-history":[{"count":6,"href":"https:\/\/fiskusolga.hu\/index.php?rest_route=\/wp\/v2\/pages\/60\/revisions"}],"predecessor-version":[{"id":848,"href":"https:\/\/fiskusolga.hu\/index.php?rest_route=\/wp\/v2\/pages\/60\/revisions\/848"}],"wp:attachment":[{"href":"https:\/\/fiskusolga.hu\/index.php?rest_route=%2Fwp%2Fv2%2Fmedia&parent=60"}],"curies":[{"name":"wp","href":"https:\/\/api.w.org\/{rel}","templated":true}]}}