{"id":431,"date":"2023-09-09T19:19:40","date_gmt":"2023-09-09T19:19:40","guid":{"rendered":"https:\/\/wp.fiskusolga.hu\/?page_id=431"},"modified":"2024-02-05T21:42:42","modified_gmt":"2024-02-05T21:42:42","slug":"karacsonyi-fotozasok","status":"publish","type":"page","link":"https:\/\/fiskusolga.hu\/?page_id=431","title":{"rendered":"\u00dcnnepi fot\u00f3z\u00e1sok"},"content":{"rendered":"\n<p>Minden \u00e9vben v\u00e1rlak Benneteket szeretettel kar\u00e1csonyi\/any\u00e1k napi\/h\u00fasv\u00e9ti \u00e9s egy\u00e9b tematikus fot\u00f3z\u00e1sra. <\/p>\n\n\n\n<p><br>Amennyiben \u00e9rdekel, jelezd nekem a kapcsolat men\u00fcpontban megadott el\u00e9rhet\u0151s\u00e9geken. Szeretettel v\u00e1rlak!<\/p>\n\n\n\n<figure class=\"wp-block-gallery has-nested-images columns-default is-cropped wp-block-gallery-1 is-layout-flex wp-block-gallery-is-layout-flex\">\n<figure class=\"wp-block-image size-large\"><img loading=\"lazy\" decoding=\"async\" width=\"733\" height=\"1024\" data-id=\"725\" src=\"https:\/\/fiskusolga.hu\/wp-content\/uploads\/2023\/10\/livi_1010-733x1024.jpg\" alt=\"\" class=\"wp-image-725\" srcset=\"https:\/\/fiskusolga.hu\/wp-content\/uploads\/2023\/10\/livi_1010-733x1024.jpg 733w, https:\/\/fiskusolga.hu\/wp-content\/uploads\/2023\/10\/livi_1010-215x300.jpg 215w, https:\/\/fiskusolga.hu\/wp-content\/uploads\/2023\/10\/livi_1010-768x1073.jpg 768w, https:\/\/fiskusolga.hu\/wp-content\/uploads\/2023\/10\/livi_1010-1100x1536.jpg 1100w, https:\/\/fiskusolga.hu\/wp-content\/uploads\/2023\/10\/livi_1010-1140x1592.jpg 1140w, https:\/\/fiskusolga.hu\/wp-content\/uploads\/2023\/10\/livi_1010.jpg 1432w\" sizes=\"auto, (max-width: 733px) 100vw, 733px\" \/><\/figure>\n\n\n\n<figure class=\"wp-block-image size-large\"><img loading=\"lazy\" decoding=\"async\" width=\"727\" height=\"1024\" data-id=\"722\" src=\"https:\/\/fiskusolga.hu\/wp-content\/uploads\/2023\/10\/livi_1111-727x1024.jpg\" alt=\"\" class=\"wp-image-722\" srcset=\"https:\/\/fiskusolga.hu\/wp-content\/uploads\/2023\/10\/livi_1111-727x1024.jpg 727w, https:\/\/fiskusolga.hu\/wp-content\/uploads\/2023\/10\/livi_1111-213x300.jpg 213w, https:\/\/fiskusolga.hu\/wp-content\/uploads\/2023\/10\/livi_1111-768x1082.jpg 768w, https:\/\/fiskusolga.hu\/wp-content\/uploads\/2023\/10\/livi_1111-1091x1536.jpg 1091w, https:\/\/fiskusolga.hu\/wp-content\/uploads\/2023\/10\/livi_1111-1140x1606.jpg 1140w, https:\/\/fiskusolga.hu\/wp-content\/uploads\/2023\/10\/livi_1111.jpg 1420w\" sizes=\"auto, (max-width: 727px) 100vw, 727px\" \/><\/figure>\n\n\n<div class=\"wp-block-image\">\n<figure class=\"aligncenter size-large\"><img loading=\"lazy\" decoding=\"async\" width=\"1024\" height=\"683\" data-id=\"723\" src=\"https:\/\/fiskusolga.hu\/wp-content\/uploads\/2023\/10\/livi_0101-1024x683.jpg\" alt=\"\" class=\"wp-image-723\" srcset=\"https:\/\/fiskusolga.hu\/wp-content\/uploads\/2023\/10\/livi_0101-1024x683.jpg 1024w, https:\/\/fiskusolga.hu\/wp-content\/uploads\/2023\/10\/livi_0101-300x200.jpg 300w, https:\/\/fiskusolga.hu\/wp-content\/uploads\/2023\/10\/livi_0101-768x512.jpg 768w, https:\/\/fiskusolga.hu\/wp-content\/uploads\/2023\/10\/livi_0101-1536x1025.jpg 1536w, https:\/\/fiskusolga.hu\/wp-content\/uploads\/2023\/10\/livi_0101-1140x760.jpg 1140w, https:\/\/fiskusolga.hu\/wp-content\/uploads\/2023\/10\/livi_0101.jpg 2000w\" sizes=\"auto, (max-width: 1024px) 100vw, 1024px\" \/><\/figure>\n<\/div>\n\n\n<figure class=\"wp-block-image size-large\"><img loading=\"lazy\" decoding=\"async\" width=\"683\" height=\"1024\" data-id=\"721\" src=\"https:\/\/fiskusolga.hu\/wp-content\/uploads\/2023\/10\/livi_1515-683x1024.jpg\" alt=\"\" class=\"wp-image-721\" srcset=\"https:\/\/fiskusolga.hu\/wp-content\/uploads\/2023\/10\/livi_1515-683x1024.jpg 683w, https:\/\/fiskusolga.hu\/wp-content\/uploads\/2023\/10\/livi_1515-200x300.jpg 200w, https:\/\/fiskusolga.hu\/wp-content\/uploads\/2023\/10\/livi_1515-768x1151.jpg 768w, https:\/\/fiskusolga.hu\/wp-content\/uploads\/2023\/10\/livi_1515-1025x1536.jpg 1025w, https:\/\/fiskusolga.hu\/wp-content\/uploads\/2023\/10\/livi_1515-1140x1709.jpg 1140w, https:\/\/fiskusolga.hu\/wp-content\/uploads\/2023\/10\/livi_1515.jpg 1334w\" sizes=\"auto, (max-width: 683px) 100vw, 683px\" \/><\/figure>\n\n\n\n<figure class=\"wp-block-image size-large\"><img loading=\"lazy\" decoding=\"async\" width=\"730\" height=\"1024\" data-id=\"724\" src=\"https:\/\/fiskusolga.hu\/wp-content\/uploads\/2023\/10\/livi_0808-730x1024.jpg\" alt=\"\" class=\"wp-image-724\" srcset=\"https:\/\/fiskusolga.hu\/wp-content\/uploads\/2023\/10\/livi_0808-730x1024.jpg 730w, https:\/\/fiskusolga.hu\/wp-content\/uploads\/2023\/10\/livi_0808-214x300.jpg 214w, https:\/\/fiskusolga.hu\/wp-content\/uploads\/2023\/10\/livi_0808-768x1077.jpg 768w, https:\/\/fiskusolga.hu\/wp-content\/uploads\/2023\/10\/livi_0808-1095x1536.jpg 1095w, https:\/\/fiskusolga.hu\/wp-content\/uploads\/2023\/10\/livi_0808-1140x1599.jpg 1140w, https:\/\/fiskusolga.hu\/wp-content\/uploads\/2023\/10\/livi_0808.jpg 1426w\" sizes=\"auto, (max-width: 730px) 100vw, 730px\" \/><\/figure>\n\n\n\n<figure class=\"wp-block-image size-large\"><img loading=\"lazy\" decoding=\"async\" width=\"784\" height=\"1024\" data-id=\"726\" src=\"https:\/\/fiskusolga.hu\/wp-content\/uploads\/2023\/10\/livi_1212-784x1024.jpg\" alt=\"\" class=\"wp-image-726\" srcset=\"https:\/\/fiskusolga.hu\/wp-content\/uploads\/2023\/10\/livi_1212-784x1024.jpg 784w, https:\/\/fiskusolga.hu\/wp-content\/uploads\/2023\/10\/livi_1212-230x300.jpg 230w, https:\/\/fiskusolga.hu\/wp-content\/uploads\/2023\/10\/livi_1212-768x1003.jpg 768w, https:\/\/fiskusolga.hu\/wp-content\/uploads\/2023\/10\/livi_1212-1176x1536.jpg 1176w, https:\/\/fiskusolga.hu\/wp-content\/uploads\/2023\/10\/livi_1212-1140x1489.jpg 1140w, https:\/\/fiskusolga.hu\/wp-content\/uploads\/2023\/10\/livi_1212.jpg 1531w\" sizes=\"auto, (max-width: 784px) 100vw, 784px\" \/><\/figure>\n\n\n<div class=\"wp-block-image\">\n<figure class=\"aligncenter size-large\"><img loading=\"lazy\" decoding=\"async\" width=\"716\" height=\"1024\" data-id=\"729\" src=\"https:\/\/fiskusolga.hu\/wp-content\/uploads\/2023\/10\/esztiek_02239-716x1024.jpg\" alt=\"\" class=\"wp-image-729\" srcset=\"https:\/\/fiskusolga.hu\/wp-content\/uploads\/2023\/10\/esztiek_02239-716x1024.jpg 716w, https:\/\/fiskusolga.hu\/wp-content\/uploads\/2023\/10\/esztiek_02239-210x300.jpg 210w, https:\/\/fiskusolga.hu\/wp-content\/uploads\/2023\/10\/esztiek_02239-768x1098.jpg 768w, https:\/\/fiskusolga.hu\/wp-content\/uploads\/2023\/10\/esztiek_02239-1074x1536.jpg 1074w, https:\/\/fiskusolga.hu\/wp-content\/uploads\/2023\/10\/esztiek_02239-1140x1630.jpg 1140w, https:\/\/fiskusolga.hu\/wp-content\/uploads\/2023\/10\/esztiek_02239.jpg 1399w\" sizes=\"auto, (max-width: 716px) 100vw, 716px\" \/><\/figure>\n<\/div>\n\n\n<figure class=\"wp-block-image size-large\"><img loading=\"lazy\" decoding=\"async\" width=\"708\" height=\"1024\" data-id=\"727\" src=\"https:\/\/fiskusolga.hu\/wp-content\/uploads\/2023\/10\/esztiek_33270-708x1024.jpg\" alt=\"\" class=\"wp-image-727\" srcset=\"https:\/\/fiskusolga.hu\/wp-content\/uploads\/2023\/10\/esztiek_33270-708x1024.jpg 708w, https:\/\/fiskusolga.hu\/wp-content\/uploads\/2023\/10\/esztiek_33270-207x300.jpg 207w, https:\/\/fiskusolga.hu\/wp-content\/uploads\/2023\/10\/esztiek_33270-768x1111.jpg 768w, https:\/\/fiskusolga.hu\/wp-content\/uploads\/2023\/10\/esztiek_33270-1061x1536.jpg 1061w, https:\/\/fiskusolga.hu\/wp-content\/uploads\/2023\/10\/esztiek_33270-1140x1650.jpg 1140w, https:\/\/fiskusolga.hu\/wp-content\/uploads\/2023\/10\/esztiek_33270.jpg 1382w\" sizes=\"auto, (max-width: 708px) 100vw, 708px\" \/><\/figure>\n\n\n\n<figure class=\"wp-block-image size-large\"><img loading=\"lazy\" decoding=\"async\" width=\"728\" height=\"1024\" data-id=\"728\" src=\"https:\/\/fiskusolga.hu\/wp-content\/uploads\/2023\/10\/esztiek_20257-728x1024.jpg\" alt=\"\" class=\"wp-image-728\" srcset=\"https:\/\/fiskusolga.hu\/wp-content\/uploads\/2023\/10\/esztiek_20257-728x1024.jpg 728w, https:\/\/fiskusolga.hu\/wp-content\/uploads\/2023\/10\/esztiek_20257-213x300.jpg 213w, https:\/\/fiskusolga.hu\/wp-content\/uploads\/2023\/10\/esztiek_20257-768x1081.jpg 768w, https:\/\/fiskusolga.hu\/wp-content\/uploads\/2023\/10\/esztiek_20257-1091x1536.jpg 1091w, https:\/\/fiskusolga.hu\/wp-content\/uploads\/2023\/10\/esztiek_20257-1140x1605.jpg 1140w, https:\/\/fiskusolga.hu\/wp-content\/uploads\/2023\/10\/esztiek_20257.jpg 1421w\" sizes=\"auto, (max-width: 728px) 100vw, 728px\" \/><\/figure>\n\n\n\n<figure class=\"wp-block-image size-large\"><img loading=\"lazy\" decoding=\"async\" width=\"723\" height=\"1024\" data-id=\"731\" src=\"https:\/\/fiskusolga.hu\/wp-content\/uploads\/2023\/10\/bus_17825-723x1024.jpg\" alt=\"\" class=\"wp-image-731\" srcset=\"https:\/\/fiskusolga.hu\/wp-content\/uploads\/2023\/10\/bus_17825-723x1024.jpg 723w, https:\/\/fiskusolga.hu\/wp-content\/uploads\/2023\/10\/bus_17825-212x300.jpg 212w, https:\/\/fiskusolga.hu\/wp-content\/uploads\/2023\/10\/bus_17825-768x1087.jpg 768w, https:\/\/fiskusolga.hu\/wp-content\/uploads\/2023\/10\/bus_17825-1085x1536.jpg 1085w, https:\/\/fiskusolga.hu\/wp-content\/uploads\/2023\/10\/bus_17825-1140x1614.jpg 1140w, https:\/\/fiskusolga.hu\/wp-content\/uploads\/2023\/10\/bus_17825.jpg 1413w\" sizes=\"auto, (max-width: 723px) 100vw, 723px\" \/><\/figure>\n\n\n\n<figure class=\"wp-block-image size-large\"><img loading=\"lazy\" decoding=\"async\" width=\"659\" height=\"1024\" data-id=\"730\" src=\"https:\/\/fiskusolga.hu\/wp-content\/uploads\/2023\/10\/bus_08816-659x1024.jpg\" alt=\"\" class=\"wp-image-730\" srcset=\"https:\/\/fiskusolga.hu\/wp-content\/uploads\/2023\/10\/bus_08816-659x1024.jpg 659w, https:\/\/fiskusolga.hu\/wp-content\/uploads\/2023\/10\/bus_08816-193x300.jpg 193w, https:\/\/fiskusolga.hu\/wp-content\/uploads\/2023\/10\/bus_08816-768x1193.jpg 768w, https:\/\/fiskusolga.hu\/wp-content\/uploads\/2023\/10\/bus_08816-988x1536.jpg 988w, https:\/\/fiskusolga.hu\/wp-content\/uploads\/2023\/10\/bus_08816-1140x1772.jpg 1140w, https:\/\/fiskusolga.hu\/wp-content\/uploads\/2023\/10\/bus_08816.jpg 1287w\" sizes=\"auto, (max-width: 659px) 100vw, 659px\" \/><\/figure>\n\n\n<div class=\"wp-block-image\">\n<figure class=\"aligncenter size-large\"><img loading=\"lazy\" decoding=\"async\" width=\"683\" height=\"1024\" data-id=\"732\" src=\"https:\/\/fiskusolga.hu\/wp-content\/uploads\/2023\/10\/bus_20828-683x1024.jpg\" alt=\"\" class=\"wp-image-732\" srcset=\"https:\/\/fiskusolga.hu\/wp-content\/uploads\/2023\/10\/bus_20828-683x1024.jpg 683w, https:\/\/fiskusolga.hu\/wp-content\/uploads\/2023\/10\/bus_20828-200x300.jpg 200w, https:\/\/fiskusolga.hu\/wp-content\/uploads\/2023\/10\/bus_20828-768x1151.jpg 768w, https:\/\/fiskusolga.hu\/wp-content\/uploads\/2023\/10\/bus_20828-1025x1536.jpg 1025w, https:\/\/fiskusolga.hu\/wp-content\/uploads\/2023\/10\/bus_20828-1140x1709.jpg 1140w, https:\/\/fiskusolga.hu\/wp-content\/uploads\/2023\/10\/bus_20828.jpg 1334w\" sizes=\"auto, (max-width: 683px) 100vw, 683px\" \/><\/figure>\n<\/div>\n\n\n<figure class=\"wp-block-image size-large\"><img loading=\"lazy\" decoding=\"async\" width=\"683\" height=\"1024\" data-id=\"734\" src=\"https:\/\/fiskusolga.hu\/wp-content\/uploads\/2023\/10\/vass_508-683x1024.jpg\" alt=\"\" class=\"wp-image-734\" srcset=\"https:\/\/fiskusolga.hu\/wp-content\/uploads\/2023\/10\/vass_508-683x1024.jpg 683w, https:\/\/fiskusolga.hu\/wp-content\/uploads\/2023\/10\/vass_508-200x300.jpg 200w, https:\/\/fiskusolga.hu\/wp-content\/uploads\/2023\/10\/vass_508-768x1151.jpg 768w, https:\/\/fiskusolga.hu\/wp-content\/uploads\/2023\/10\/vass_508-1025x1536.jpg 1025w, https:\/\/fiskusolga.hu\/wp-content\/uploads\/2023\/10\/vass_508-1140x1709.jpg 1140w, https:\/\/fiskusolga.hu\/wp-content\/uploads\/2023\/10\/vass_508.jpg 1334w\" sizes=\"auto, (max-width: 683px) 100vw, 683px\" \/><\/figure>\n\n\n\n<figure class=\"wp-block-image size-large\"><img loading=\"lazy\" decoding=\"async\" width=\"683\" height=\"1024\" data-id=\"733\" src=\"https:\/\/fiskusolga.hu\/wp-content\/uploads\/2023\/10\/vass_407-683x1024.jpg\" alt=\"\" class=\"wp-image-733\" srcset=\"https:\/\/fiskusolga.hu\/wp-content\/uploads\/2023\/10\/vass_407-683x1024.jpg 683w, https:\/\/fiskusolga.hu\/wp-content\/uploads\/2023\/10\/vass_407-200x300.jpg 200w, https:\/\/fiskusolga.hu\/wp-content\/uploads\/2023\/10\/vass_407-768x1151.jpg 768w, https:\/\/fiskusolga.hu\/wp-content\/uploads\/2023\/10\/vass_407-1025x1536.jpg 1025w, https:\/\/fiskusolga.hu\/wp-content\/uploads\/2023\/10\/vass_407-1140x1709.jpg 1140w, https:\/\/fiskusolga.hu\/wp-content\/uploads\/2023\/10\/vass_407.jpg 1334w\" sizes=\"auto, (max-width: 683px) 100vw, 683px\" \/><\/figure>\n\n\n\n<figure class=\"wp-block-image size-large\"><img loading=\"lazy\" decoding=\"async\" width=\"686\" height=\"1024\" data-id=\"735\" src=\"https:\/\/fiskusolga.hu\/wp-content\/uploads\/2023\/10\/bencsik_01140-686x1024.jpg\" alt=\"\" class=\"wp-image-735\" srcset=\"https:\/\/fiskusolga.hu\/wp-content\/uploads\/2023\/10\/bencsik_01140-686x1024.jpg 686w, https:\/\/fiskusolga.hu\/wp-content\/uploads\/2023\/10\/bencsik_01140-201x300.jpg 201w, https:\/\/fiskusolga.hu\/wp-content\/uploads\/2023\/10\/bencsik_01140-768x1147.jpg 768w, https:\/\/fiskusolga.hu\/wp-content\/uploads\/2023\/10\/bencsik_01140-1028x1536.jpg 1028w, https:\/\/fiskusolga.hu\/wp-content\/uploads\/2023\/10\/bencsik_01140-1140x1703.jpg 1140w, https:\/\/fiskusolga.hu\/wp-content\/uploads\/2023\/10\/bencsik_01140.jpg 1339w\" sizes=\"auto, (max-width: 686px) 100vw, 686px\" \/><\/figure>\n\n\n\n<figure class=\"wp-block-image size-large\"><img loading=\"lazy\" decoding=\"async\" width=\"735\" height=\"1024\" data-id=\"736\" src=\"https:\/\/fiskusolga.hu\/wp-content\/uploads\/2023\/10\/bencsik_12151-735x1024.jpg\" alt=\"\" class=\"wp-image-736\" srcset=\"https:\/\/fiskusolga.hu\/wp-content\/uploads\/2023\/10\/bencsik_12151-735x1024.jpg 735w, https:\/\/fiskusolga.hu\/wp-content\/uploads\/2023\/10\/bencsik_12151-215x300.jpg 215w, https:\/\/fiskusolga.hu\/wp-content\/uploads\/2023\/10\/bencsik_12151-768x1070.jpg 768w, https:\/\/fiskusolga.hu\/wp-content\/uploads\/2023\/10\/bencsik_12151-1102x1536.jpg 1102w, https:\/\/fiskusolga.hu\/wp-content\/uploads\/2023\/10\/bencsik_12151-1140x1589.jpg 1140w, https:\/\/fiskusolga.hu\/wp-content\/uploads\/2023\/10\/bencsik_12151.jpg 1435w\" sizes=\"auto, (max-width: 735px) 100vw, 735px\" \/><\/figure>\n\n\n<div class=\"wp-block-image is-style-default\">\n<figure class=\"aligncenter size-large\"><img loading=\"lazy\" decoding=\"async\" width=\"1024\" height=\"639\" data-id=\"737\" src=\"https:\/\/fiskusolga.hu\/wp-content\/uploads\/2023\/10\/bencsik_07146-1024x639.jpg\" alt=\"\" class=\"wp-image-737\" srcset=\"https:\/\/fiskusolga.hu\/wp-content\/uploads\/2023\/10\/bencsik_07146-1024x639.jpg 1024w, https:\/\/fiskusolga.hu\/wp-content\/uploads\/2023\/10\/bencsik_07146-300x187.jpg 300w, https:\/\/fiskusolga.hu\/wp-content\/uploads\/2023\/10\/bencsik_07146-768x479.jpg 768w, https:\/\/fiskusolga.hu\/wp-content\/uploads\/2023\/10\/bencsik_07146-1536x958.jpg 1536w, https:\/\/fiskusolga.hu\/wp-content\/uploads\/2023\/10\/bencsik_07146-1140x711.jpg 1140w, https:\/\/fiskusolga.hu\/wp-content\/uploads\/2023\/10\/bencsik_07146.jpg 2000w\" sizes=\"auto, (max-width: 1024px) 100vw, 1024px\" \/><\/figure>\n<\/div><\/figure>\n","protected":false},"excerpt":{"rendered":"<p>Minden \u00e9vben v\u00e1rlak Benneteket szeretettel kar\u00e1csonyi\/any\u00e1k napi\/h\u00fasv\u00e9ti \u00e9s egy\u00e9b tematikus fot\u00f3z\u00e1sra. Amennyiben \u00e9rdekel, jelezd nekem a kapcsolat men\u00fcpontban megadott el\u00e9rhet\u0151s\u00e9geken. Szeretettel v\u00e1rlak!<\/p>\n","protected":false},"author":1,"featured_media":0,"parent":0,"menu_order":0,"comment_status":"closed","ping_status":"closed","template":"","meta":{"footnotes":""},"class_list":["post-431","page","type-page","status-publish","hentry"],"_links":{"self":[{"href":"https:\/\/fiskusolga.hu\/index.php?rest_route=\/wp\/v2\/pages\/431","targetHints":{"allow":["GET"]}}],"collection":[{"href":"https:\/\/fiskusolga.hu\/index.php?rest_route=\/wp\/v2\/pages"}],"about":[{"href":"https:\/\/fiskusolga.hu\/index.php?rest_route=\/wp\/v2\/types\/page"}],"author":[{"embeddable":true,"href":"https:\/\/fiskusolga.hu\/index.php?rest_route=\/wp\/v2\/users\/1"}],"replies":[{"embeddable":true,"href":"https:\/\/fiskusolga.hu\/index.php?rest_route=%2Fwp%2Fv2%2Fcomments&post=431"}],"version-history":[{"count":5,"href":"https:\/\/fiskusolga.hu\/index.php?rest_route=\/wp\/v2\/pages\/431\/revisions"}],"predecessor-version":[{"id":847,"href":"https:\/\/fiskusolga.hu\/index.php?rest_route=\/wp\/v2\/pages\/431\/revisions\/847"}],"wp:attachment":[{"href":"https:\/\/fiskusolga.hu\/index.php?rest_route=%2Fwp%2Fv2%2Fmedia&parent=431"}],"curies":[{"name":"wp","href":"https:\/\/api.w.org\/{rel}","templated":true}]}}